
{"id":46,"date":"2014-08-13T10:14:46","date_gmt":"2014-08-13T08:14:46","guid":{"rendered":"http:\/\/www.aikido-waldkraiburg.de\/?page_id=46"},"modified":"2022-01-08T18:03:46","modified_gmt":"2022-01-08T16:03:46","slug":"downloads","status":"publish","type":"page","link":"https:\/\/www.aikido-waldkraiburg.de\/?page_id=46","title":{"rendered":"Downloads"},"content":{"rendered":"<ul>\n<li><a href=\"dok\/pruefung_2005.pdf\"><span style=\"color: #0000cd;\">Pr\u00fcfungsordnung<\/span><\/a><span style=\"color: #0000cd;\">&nbsp;<\/span><\/li>\n<li><a href=\"http:\/\/www.vfl-waldkraiburg.de\/images\/Dokumente\/VfL_Eintgige_Dienstreise_Reisekostenabrechnung_2014.xlsx\"><span style=\"color: #0000cd;\">Reisekostenabrechnung VfL 1-t\u00e4gig<\/span><\/a><\/li>\n<li><a href=\"http:\/\/www.vfl-waldkraiburg.de\/images\/Dokumente\/VfL_Mehrtgige_Dienstreise_Reisekostenabrechnung_04.2014.xlsx\"><span style=\"color: #0000cd;\">Reisekostenabrechnung VfL mehrt\u00e4gig<\/span><\/a><\/li>\n<li><span style=\"text-align: justify;\"><a href=\"dok\/Teilnahmebestaetigung.pdf\"><span style=\"color: #0000cd;\">Lehrgangs-Teilnahmebest\u00e4tigung<\/span><\/a><\/span><\/li>\n<li><a style=\"text-align: justify; font-family: inherit; font-size: inherit;\" href=\"dok\/Unfall-Schadenmeldung.pdf\"><span style=\"color: #0000cd;\">Unfall-\/Schadensmseldung<\/span><\/a><\/li>\n<li>\n<div><span style=\"text-align: justify;\"><a href=\"http:\/\/www.vfl-waldkraiburg.de\/images\/Dokumente\/Beitrittsantrag.pdf\"><span style=\"color: #0000cd;\">Beitrittsantrag VfL<\/span><\/a><\/span><\/div>\n<\/li>\n<\/ul>\n","protected":false},"excerpt":{"rendered":"<p>Pr\u00fcfungsordnung&nbsp; Reisekostenabrechnung VfL 1-t\u00e4gig Reisekostenabrechnung VfL mehrt\u00e4gig Lehrgangs-Teilnahmebest\u00e4tigung Unfall-\/Schadensmseldung Beitrittsantrag VfL<\/p>\n","protected":false},"author":1,"featured_media":0,"parent":0,"menu_order":0,"comment_status":"open","ping_status":"open","template":"","meta":{"ngg_post_thumbnail":0,"footnotes":""},"class_list":["post-46","page","type-page","status-publish","hentry"],"_links":{"self":[{"href":"https:\/\/www.aikido-waldkraiburg.de\/index.php?rest_route=\/wp\/v2\/pages\/46","targetHints":{"allow":["GET"]}}],"collection":[{"href":"https:\/\/www.aikido-waldkraiburg.de\/index.php?rest_route=\/wp\/v2\/pages"}],"about":[{"href":"https:\/\/www.aikido-waldkraiburg.de\/index.php?rest_route=\/wp\/v2\/types\/page"}],"author":[{"embeddable":true,"href":"https:\/\/www.aikido-waldkraiburg.de\/index.php?rest_route=\/wp\/v2\/users\/1"}],"replies":[{"embeddable":true,"href":"https:\/\/www.aikido-waldkraiburg.de\/index.php?rest_route=%2Fwp%2Fv2%2Fcomments&post=46"}],"version-history":[{"count":13,"href":"https:\/\/www.aikido-waldkraiburg.de\/index.php?rest_route=\/wp\/v2\/pages\/46\/revisions"}],"predecessor-version":[{"id":1178,"href":"https:\/\/www.aikido-waldkraiburg.de\/index.php?rest_route=\/wp\/v2\/pages\/46\/revisions\/1178"}],"wp:attachment":[{"href":"https:\/\/www.aikido-waldkraiburg.de\/index.php?rest_route=%2Fwp%2Fv2%2Fmedia&parent=46"}],"curies":[{"name":"wp","href":"https:\/\/api.w.org\/{rel}","templated":true}]}}