
{"id":597,"date":"2014-08-28T19:33:27","date_gmt":"2014-08-28T17:33:27","guid":{"rendered":"http:\/\/www.aikido-waldkraiburg.de\/?page_id=597"},"modified":"2022-01-08T16:23:09","modified_gmt":"2022-01-08T14:23:09","slug":"start","status":"publish","type":"page","link":"https:\/\/www.aikido-waldkraiburg.de\/","title":{"rendered":"Bushido"},"content":{"rendered":"<table style=\"width: 100%;\" cellspacing=\"1\" cellpadding=\"1\">\n<tbody>\n<tr>\n<td style=\"text-align: left; vertical-align: top; width: 16.9727%;\">\n<p style=\"text-align: center;\">&nbsp;<\/p>\n<p style=\"text-align: center;\"><img decoding=\"async\" style=\"opacity: 0.9; float: left; width: 80%; height: auto;\" src=\"https:\/\/www.aikido-waldkraiburg.de\/images\/main_budo4.gif\" alt=\"\"><\/p>\n<p style=\"text-align: center;\">&nbsp;<\/p>\n<p style=\"text-align: center;\">&nbsp;<\/p>\n<p style=\"text-align: center;\">&nbsp;<\/p>\n<p style=\"text-align: center;\">&nbsp;<\/p>\n<p style=\"text-align: center;\">&nbsp;<\/p>\n<p style=\"text-align: center;\"><img decoding=\"async\" style=\"opacity: 0.9; float: right; width: 40%; height: auto;\" src=\"https:\/\/www.aikido-waldkraiburg.de\/images\/main.budo2.gif\" alt=\"\"><\/p>\n<\/td>\n<td style=\"width: 60.6652%;\" width=\"318\">\n<p style=\"text-align: center;\"><strong>Zuerst sucht euch einen guten Lehrer,<\/strong><\/p>\n<p style=\"text-align: center;\"><strong>damit ihr perfekte Technik und einen<br \/>\ntadellosen Stil erlernt.<br \/>\n&nbsp;<br \/>\nLernt Etikette und Achtung vor Anderen.<br \/>\n&nbsp;<br \/>\nDann versucht durch unerm\u00fcdliches<br \/>\n\u00dcben, gute K\u00e4mpfer zu werden, um<br \/>\nErfahrungen zu festigen, zu wachsen<br \/>\nund einen eigenen Stil zu finden.<br \/>\n&nbsp;<br \/>\nZuletzt sucht euch gute Sch\u00fcler und<br \/>\ngebt euer Wissen selbstlos weiter.<br \/>\n&nbsp;<br \/>\nSo schlie\u00dft sich der Kreis des Budo.<\/strong><\/p>\n<\/td>\n<td style=\"text-align: center; vertical-align: top; width: 21.7582%;\" rowspan=\"2\">&nbsp;&nbsp;&nbsp;&nbsp;&nbsp;<\/p>\n<p>&nbsp;<\/p>\n<p>&nbsp;<\/p>\n<p><img decoding=\"async\" style=\"opacity: 0.9; float: right; width: 80%; height: auto;\" src=\"https:\/\/www.aikido-waldkraiburg.de\/images\/main.budo3.gif\" alt=\"\">&nbsp;<\/p>\n<p>&nbsp;<\/td>\n<\/tr>\n<tr>\n<td style=\"width: 16.9727%;\" width=\"119\">\n<p style=\"text-align: center;\">&nbsp;<\/p>\n<\/td>\n<td style=\"width: 60.6652%;\" width=\"318\">\n<p style=\"text-align: center;\">&nbsp;<img decoding=\"async\" style=\"opacity: 0.9; width: 20%; height: auto;\" src=\"https:\/\/www.aikido-waldkraiburg.de\/images\/main.budo1.gif\" alt=\"\"><\/p>\n<\/td>\n<\/tr>\n<\/tbody>\n<\/table>\n<p>&nbsp;<\/p>\n","protected":false},"excerpt":{"rendered":"<p>&nbsp; &nbsp; &nbsp; &nbsp; &nbsp; &nbsp; Zuerst sucht euch einen guten Lehrer, damit ihr perfekte Technik und einen tadellosen Stil erlernt. &nbsp; Lernt Etikette und Achtung vor Anderen. &nbsp; Dann versucht durch unerm\u00fcdliches \u00dcben, gute K\u00e4mpfer zu werden, um Erfahrungen zu festigen, zu wachsen und einen eigenen Stil zu finden. &nbsp; Zuletzt sucht euch gute [&hellip;]<\/p>\n","protected":false},"author":1,"featured_media":0,"parent":0,"menu_order":0,"comment_status":"open","ping_status":"open","template":"","meta":{"ngg_post_thumbnail":0,"footnotes":""},"class_list":["post-597","page","type-page","status-publish","hentry"],"_links":{"self":[{"href":"https:\/\/www.aikido-waldkraiburg.de\/index.php?rest_route=\/wp\/v2\/pages\/597","targetHints":{"allow":["GET"]}}],"collection":[{"href":"https:\/\/www.aikido-waldkraiburg.de\/index.php?rest_route=\/wp\/v2\/pages"}],"about":[{"href":"https:\/\/www.aikido-waldkraiburg.de\/index.php?rest_route=\/wp\/v2\/types\/page"}],"author":[{"embeddable":true,"href":"https:\/\/www.aikido-waldkraiburg.de\/index.php?rest_route=\/wp\/v2\/users\/1"}],"replies":[{"embeddable":true,"href":"https:\/\/www.aikido-waldkraiburg.de\/index.php?rest_route=%2Fwp%2Fv2%2Fcomments&post=597"}],"version-history":[{"count":19,"href":"https:\/\/www.aikido-waldkraiburg.de\/index.php?rest_route=\/wp\/v2\/pages\/597\/revisions"}],"predecessor-version":[{"id":1196,"href":"https:\/\/www.aikido-waldkraiburg.de\/index.php?rest_route=\/wp\/v2\/pages\/597\/revisions\/1196"}],"wp:attachment":[{"href":"https:\/\/www.aikido-waldkraiburg.de\/index.php?rest_route=%2Fwp%2Fv2%2Fmedia&parent=597"}],"curies":[{"name":"wp","href":"https:\/\/api.w.org\/{rel}","templated":true}]}}