
{"id":995,"date":"2017-12-29T10:07:05","date_gmt":"2017-12-29T08:07:05","guid":{"rendered":"http:\/\/www.aikido-waldkraiburg.de\/?page_id=995"},"modified":"2025-02-08T17:28:30","modified_gmt":"2025-02-08T15:28:30","slug":"ueber-uns-2001-heute","status":"publish","type":"page","link":"https:\/\/www.aikido-waldkraiburg.de\/?page_id=995","title":{"rendered":"\u00dcber\u00a0Uns (ab 2009)"},"content":{"rendered":"<p>Fortsetzung der chronologische \u00dcbersicht \u00fcber die Entwicklung unseres Dojos:<\/p>\n<table style=\"width: 100%; height: 1894px;\" border=\"0\" cellspacing=\"1\" cellpadding=\"1\">\n<tbody>\n<tr style=\"height: 128px;\">\n<td style=\"width: 8.09524%; height: 128px;\" align=\"left\" valign=\"top\" width=\"50\"><strong>2009<\/strong><\/td>\n<td style=\"width: 91.1905%; height: 128px;\" colspan=\"2\" width=\"652\">Alexander Markowsky, Markus Klotz und Christine Morber&nbsp;schlie\u00dfen ihre Ausbildung zum Fach\u00fcbungsleiter&nbsp;AIKIDO&nbsp;erfolgreich ab.<br \/>\n&nbsp;<br \/>\nLehrg\u00e4nge in Waldkraiburg:<br \/>\nAikido Wochenend-Lehrg\u00e4nge mit E. Kern<br \/>\nTrainingswoche in der Toskana (Fattoria La Vialla) &nbsp;<\/td>\n<\/tr>\n<tr style=\"height: 149px;\">\n<td style=\"width: 8.09524%; height: 149px;\" align=\"left\" valign=\"top\" width=\"50\"><strong>2010<\/strong><\/td>\n<td style=\"width: 91.1905%; height: 149px;\" colspan=\"2\" width=\"652\">Manfred Hiller und Alexander Rahm legen in F\u00fcrth bei Shihan Edmund Kern (Kyoshi, 8. Dan) die Pr\u00fcfung zum 3. Dan, Alexander Markowsky und Christian Ott (geb. Rahm) die Pr\u00fcfung zum 2. Dan ab. Beim Novemberlehrgang in Waldkraiburg mit Shihan Edmund Kern (Kyoshi, 8. Dan) bestehen Christine Morber und Markus Klotz ihre Pr\u00fcfung zum 1. Dan.<br \/>\n&nbsp;<br \/>\nLehrg\u00e4nge in Waldkraiburg:<br \/>\nAikido Wochenend-Lehrg\u00e4nge mit E. Kern &nbsp;<\/td>\n<\/tr>\n<tr style=\"height: 66px;\">\n<td style=\"width: 8.09524%; height: 66px;\" align=\"left\" valign=\"top\" width=\"50\"><strong>2011<\/strong><\/td>\n<td style=\"width: 91.1905%; height: 66px;\" colspan=\"2\" width=\"652\">Lehrg\u00e4nge in Waldkraiburg:<br \/>\nAikido Wochenend-Lehrg\u00e4nge mit E. Kern<br \/>\nTrainingswoche in der Toskana (Fattoria La Vialla)<\/td>\n<\/tr>\n<tr style=\"height: 87px;\">\n<td style=\"width: 8.09524%; height: 87px;\" align=\"left\" valign=\"top\" width=\"50\"><strong>2012<\/strong><\/td>\n<td style=\"width: 91.1905%; height: 87px;\" colspan=\"2\" width=\"652\">Lehrg\u00e4nge in Waldkraiburg:<br \/>\nAikido Wochenend-Lehrg\u00e4nge mit E. Kern<br \/>\nTrainingswoche in der Toskana (Capolona, Villa Bruni)<br \/>\nErster Internationaler Aikido Lehrgang mit Daniel Toutain<\/td>\n<\/tr>\n<tr style=\"height: 128px;\">\n<td style=\"width: 8.09524%; height: 128px;\" align=\"left\" valign=\"top\" width=\"50\"><strong>2013<\/strong><\/td>\n<td style=\"width: 91.1905%; height: 128px;\" colspan=\"2\" width=\"652\">Karin Huber und Andreas Wandinger legen die Pr\u00fcfung zum 1. Dan in Waldkraiburg bei Edmund Kern ab.<br \/>\n&nbsp;<br \/>\nLehrg\u00e4nge in Waldkraiburg:<br \/>\nAikido Wochenend-Lehrg\u00e4nge mit E. Kern<br \/>\nZweiter Internationaler Aikido Lehrgang mit Daniel Toutain<br \/>\nTrainingswoche in der Toskana (Prativecchio, Villa Monika) &nbsp;<\/td>\n<\/tr>\n<tr style=\"height: 87px;\">\n<td style=\"width: 8.09524%; height: 87px;\" align=\"left\" valign=\"top\" width=\"50\"><strong>2014<\/strong><\/td>\n<td style=\"width: 91.1905%; height: 87px;\" colspan=\"2\" width=\"652\">Lehrg\u00e4nge in Waldkraiburg:<br \/>\nAikido Wochenend-Lehrg\u00e4nge mit E. Kern<br \/>\nDritter Internationaler Aikido Lehrgang mit Daniel Toutain<br \/>\nTrainingswoche in der Toskana (Fattoria La Vialla)<\/td>\n<\/tr>\n<tr style=\"height: 66px;\">\n<td style=\"width: 8.09524%; height: 66px;\" align=\"left\" valign=\"top\" width=\"50\"><strong>2015<\/strong><\/td>\n<td style=\"width: 91.1905%; height: 66px;\" colspan=\"2\" width=\"652\">Lehrg\u00e4nge in Waldkraiburg:<br \/>\nAikido Wochenend-Lehrg\u00e4nge mit E. Kern<br \/>\nVierter Internationaler Aikido Lehrgang mit Daniel Toutain<\/td>\n<\/tr>\n<tr style=\"height: 170px;\">\n<td style=\"width: 8.09524%; height: 170px;\" align=\"left\" valign=\"top\" width=\"50\"><strong>2016<\/strong><\/td>\n<td style=\"width: 91.1905%; height: 170px;\" colspan=\"2\" width=\"652\">Im Rahmen eines Jubil\u00e4umslehrgangs mit Edmund Kern anl\u00e4sslich des 30-j\u00e4hrigen Bestehens der Sparte Aikido im VfL Waldkraiburg werden Alexandra Markowsky zum 2. Dan, Alexander Markowsky und Christian Ott zum 3. Dan, und Manfred Hiller und Alexander Rahm zum 4. Dan gepr\u00fcft.<br \/>\n&nbsp;<br \/>\nLehrg\u00e4nge in Waldkraiburg:<br \/>\nAikido Wochenend-Lehrg\u00e4nge mit E. Kern<br \/>\nF\u00fcnfter Internationaler Aikido Lehrgang mit Daniel Toutain<br \/>\nTrainingswoche in der Toskana (Fattoria La Vialla) &nbsp;<\/td>\n<\/tr>\n<tr style=\"height: 191px;\">\n<td style=\"width: 8.09524%; height: 191px;\" align=\"left\" valign=\"top\" width=\"50\"><strong>2017<\/strong><\/td>\n<td style=\"width: 91.1905%; height: 191px;\" colspan=\"2\" width=\"652\">Wir trauern um Shihan Edmund Kern, Kyoshi 8. Dan Aikido. Edmund half und begleitete uns seit der Gr\u00fcndung der Sparte Aikido im Jahre 1986 bis in die Gegenwart auf unserem Weg. Er hat uns gepr\u00e4gt und gef\u00fchrt, wir werden ihn alle in unseren Herzen tragen.<br \/>\n*23.12.1932 \u2013 +22.11.2017&nbsp;&nbsp;&nbsp;&nbsp;Lehrg\u00e4nge in Waldkraiburg:<br \/>\nAikido Wochenend-Lehrg\u00e4nge mit E. Kern<br \/>\nSechster Internationaler Aikido Lehrgang mit Daniel Toutain<br \/>\nErstes Uchi Deshi mit &nbsp;Daniel Toutain in Birach&nbsp;&nbsp;<\/td>\n<\/tr>\n<tr style=\"height: 66px;\">\n<td style=\"width: 8.09524%; text-align: left; vertical-align: top; height: 66px;\" align=\"left\" valign=\"top\" width=\"50\"><strong>2018<\/strong><\/td>\n<td style=\"width: 91.1905%; height: 66px;\" colspan=\"2\" width=\"652\">Lehrg\u00e4nge in Waldkraiburg:<br \/>\nSiebter Internationaler Aikido Lehrgang mit Daniel Toutain<br \/>\nZweites Uchi Deshi mit &nbsp;Daniel Toutain in Birach &nbsp;<\/td>\n<\/tr>\n<tr style=\"height: 66px;\">\n<td style=\"width: 8.09524%; text-align: left; vertical-align: top; height: 66px;\" align=\"left\" valign=\"top\" width=\"50\"><strong>2019<\/strong><\/td>\n<td style=\"width: 91.1905%; height: 66px;\" colspan=\"2\" width=\"652\">Lehrg\u00e4nge in Waldkraiburg:<br \/>\nAchter Internationaler Aikido Lehrgang mit Daniel Toutain<br \/>\nDrittes Uchi Deshi mit &nbsp;Daniel Toutain in Birach &nbsp;<\/td>\n<\/tr>\n<tr style=\"height: 128px;\">\n<td style=\"width: 8.09524%; text-align: left; vertical-align: top; height: 128px;\"><strong>2020<\/strong><\/td>\n<td style=\"width: 91.1905%; height: 128px;\" colspan=\"2\">Auch unser Trainingsbetrieb wurde auf Grund der Covid 19 (Corona) Pandemie von Mitte M\u00e4rz bis Mitte Juni und von Anfang November bis Jahresende ausgesetzt.&nbsp;&nbsp;&nbsp;&nbsp;Lehrg\u00e4nge in Waldkraiburg:<br \/>\nDer geplante internationale Aikido Lehrgang und das Uchi Deshi mit Daniel Toutain musste abgesagt werden.<\/td>\n<\/tr>\n<tr style=\"height: 128px;\">\n<td style=\"width: 8.09524%; text-align: left; vertical-align: top; height: 120px;\"><strong>2021<\/strong><\/td>\n<td style=\"width: 91.1905%; height: 120px;\" colspan=\"2\">Trainingswoche in der Toskana (Fattoria La Vialla)<br \/>\nVerl\u00e4ngerung des Fach\u00fcbungsleiters in der Oberschule Oberhachung: Alexander Markowsky, Christine Morber und Markus Klotz.<br \/>\nUmwandlung des Freitagstrainings in ein \u201eWorkshop-Training\u201c, in dem vorab festgelegte Techniken praktiziert und gemeinschaftlich verbessert werden.&nbsp;&nbsp;&nbsp;&nbsp;Lehrg\u00e4nge in Waldkraiburg:<br \/>\nAufgrund von Corona wurden keine Lehrg\u00e4nge geplant.<\/td>\n<\/tr>\n<tr style=\"height: 128px;\">\n<td style=\"width: 8.09524%; text-align: left; vertical-align: top; height: 48px;\"><strong>2022<\/strong><\/td>\n<td style=\"width: 91.1905%; height: 48px; text-align: left; vertical-align: top;\" colspan=\"2\">Lehrg\u00e4nge in Waldkraiburg:<br \/>\nViertes Uchi Dshi mit Daniel Toutain in Birach.<br \/>\nMarkus Klotz und Karin Huber bekommen von Daniel Toutain die Urkunde zum 2. Dan Wanomichi Takemusu Aiki.<\/td>\n<\/tr>\n<tr style=\"height: 370px;\">\n<td style=\"width: 8.09524%; height: 370px;\" align=\"left\" valign=\"top\" width=\"50\">&nbsp;<\/td>\n<td style=\"width: 91.1905%; height: 370px; text-align: left; vertical-align: top;\" colspan=\"2\" width=\"652\">Zu unseren Leistungstr\u00e4gern und aktiven Trainern geh\u00f6ren der heutige Abteilungsleiter Alexander Markowsky (3. Dan), der stellvertretende Spartenleiter Alexander Rahm (4. Dan), der Spartenkassier Andreas Wandiger (1.Dan), die Kinder- und Jugendtrainer Karin Huber (3. Dan) und Markus Klotz (3. Dan), Christian Ott (3. Dan), Alexandra Markowsky, Willi Engelmann und Christine Morber (jeweils 1. Dan). Sie alle lenken die Geschicke des AIKIDO-Dojos Waldkraiburg in einem gleichberechtigten und freundschaftlichen Miteinander.<br \/>\n&nbsp;<br \/>\nDie konstante Zahl der Mitglieder ist nicht zuletzt ein Ergebnis der hohen Kompetenz aller Trainer, des abwechslungsreichen Trainings und des freundschaftlichen Umgangs untereinander. Die AIKIDO-Abteilung des VfL Waldkraiburg verf\u00fcgt heute \u00fcber 9 Dantr\u00e4ger, von denen 7 die Fach\u00fcbungsleiterlizenz des BLSV besitzen.<\/td>\n<\/tr>\n<tr style=\"height: 24px;\">\n<td style=\"text-align: justify; width: 8.09524%; height: 24px;\" valign=\"top\" width=\"50\">&nbsp;<\/td>\n<td style=\"width: 89.7619%; height: 24px;\">&nbsp;<\/td>\n<td style=\"width: 1.42857%; height: 24px;\">&nbsp;<\/td>\n<\/tr>\n<\/tbody>\n<\/table>\n","protected":false},"excerpt":{"rendered":"<p>Fortsetzung der chronologische \u00dcbersicht \u00fcber die Entwicklung unseres Dojos: 2009 Alexander Markowsky, Markus Klotz und Christine Morber&nbsp;schlie\u00dfen ihre Ausbildung zum Fach\u00fcbungsleiter&nbsp;AIKIDO&nbsp;erfolgreich ab. &nbsp; Lehrg\u00e4nge in Waldkraiburg: Aikido Wochenend-Lehrg\u00e4nge mit E. Kern Trainingswoche in der Toskana (Fattoria La Vialla) &nbsp; 2010 Manfred Hiller und Alexander Rahm legen in F\u00fcrth bei Shihan Edmund Kern (Kyoshi, 8. Dan) [&hellip;]<\/p>\n","protected":false},"author":1,"featured_media":0,"parent":0,"menu_order":0,"comment_status":"closed","ping_status":"closed","template":"","meta":{"ngg_post_thumbnail":0,"footnotes":""},"class_list":["post-995","page","type-page","status-publish","hentry"],"_links":{"self":[{"href":"https:\/\/www.aikido-waldkraiburg.de\/index.php?rest_route=\/wp\/v2\/pages\/995","targetHints":{"allow":["GET"]}}],"collection":[{"href":"https:\/\/www.aikido-waldkraiburg.de\/index.php?rest_route=\/wp\/v2\/pages"}],"about":[{"href":"https:\/\/www.aikido-waldkraiburg.de\/index.php?rest_route=\/wp\/v2\/types\/page"}],"author":[{"embeddable":true,"href":"https:\/\/www.aikido-waldkraiburg.de\/index.php?rest_route=\/wp\/v2\/users\/1"}],"replies":[{"embeddable":true,"href":"https:\/\/www.aikido-waldkraiburg.de\/index.php?rest_route=%2Fwp%2Fv2%2Fcomments&post=995"}],"version-history":[{"count":29,"href":"https:\/\/www.aikido-waldkraiburg.de\/index.php?rest_route=\/wp\/v2\/pages\/995\/revisions"}],"predecessor-version":[{"id":1268,"href":"https:\/\/www.aikido-waldkraiburg.de\/index.php?rest_route=\/wp\/v2\/pages\/995\/revisions\/1268"}],"wp:attachment":[{"href":"https:\/\/www.aikido-waldkraiburg.de\/index.php?rest_route=%2Fwp%2Fv2%2Fmedia&parent=995"}],"curies":[{"name":"wp","href":"https:\/\/api.w.org\/{rel}","templated":true}]}}